{"id":95,"date":"2024-03-27T11:31:03","date_gmt":"2024-03-27T10:31:03","guid":{"rendered":"https:\/\/un-pied-dedans-un-pied-dehors.blogs.esj-lille.fr\/?page_id=95"},"modified":"2024-05-24T15:31:57","modified_gmt":"2024-05-24T13:31:57","slug":"95-2","status":"publish","type":"page","link":"https:\/\/un-pied-dedans-un-pied-dehors.esj-lille.net\/?page_id=95","title":{"rendered":"Accueil"},"content":{"rendered":"\n<div class=\"wp-block-group alignfull\"><div class=\"wp-block-group__inner-container is-layout-constrained wp-block-group-is-layout-constrained\">\n<div class=\"wp-block-group alignfull is-content-justification-space-between is-layout-flex wp-container-core-group-is-layout-0b2df045 wp-block-group-is-layout-flex\" style=\"padding-top:var(--wp--preset--spacing--30);padding-right:var(--wp--preset--spacing--30);padding-bottom:var(--wp--preset--spacing--30);padding-left:var(--wp--preset--spacing--30)\">\n<div class=\"wp-block-group is-layout-flex wp-block-group-is-layout-flex\"><div class=\"is-default-size wp-block-site-logo\"><a href=\"https:\/\/un-pied-dedans-un-pied-dehors.esj-lille.net\/\" class=\"custom-logo-link\" rel=\"home\"><img loading=\"lazy\" decoding=\"async\" width=\"379\" height=\"320\" src=\"https:\/\/un-pied-dedans-un-pied-dehors.esj-lille.net\/wp-content\/uploads\/2024\/03\/cropped-Logo-Thema-.png\" class=\"custom-logo\" alt=\"Peines alternatives : Sanctionner sans incarc\u00e9rer\" srcset=\"https:\/\/un-pied-dedans-un-pied-dehors.esj-lille.net\/wp-content\/uploads\/2024\/03\/cropped-Logo-Thema-.png 379w, https:\/\/un-pied-dedans-un-pied-dehors.esj-lille.net\/wp-content\/uploads\/2024\/03\/cropped-Logo-Thema--300x253.png 300w, https:\/\/un-pied-dedans-un-pied-dehors.esj-lille.net\/wp-content\/uploads\/2024\/03\/cropped-Logo-Thema--104x88.png 104w\" sizes=\"auto, (max-width: 379px) 100vw, 379px\" \/><\/a><\/div>\n\n\n<div class=\"wp-block-group is-vertical is-layout-flex wp-container-core-group-is-layout-5d5a54e7 wp-block-group-is-layout-flex\"><h1 class=\"has-link-color wp-elements-234e57400cf5587740bb7caa261d6fc4 wp-block-site-title has-medium-font-size\"><a href=\"https:\/\/un-pied-dedans-un-pied-dehors.esj-lille.net\" target=\"_self\" rel=\"home\">Peines alternatives : Sanctionner sans incarc\u00e9rer<\/a><\/h1><\/div>\n<\/div>\n\n\n<nav class=\"is-responsive items-justified-right wp-block-navigation is-content-justification-right is-layout-flex wp-container-core-navigation-is-layout-3817c3ed wp-block-navigation-is-layout-flex\" aria-label=\"Navigation\" \n\t\t data-wp-interactive=\"core\/navigation\" data-wp-context='{\"overlayOpenedBy\":{\"click\":false,\"hover\":false,\"focus\":false},\"type\":\"overlay\",\"roleAttribute\":\"\",\"ariaLabel\":\"Menu\"}'><button aria-haspopup=\"dialog\" aria-label=\"Ouvrir le menu\" class=\"wp-block-navigation__responsive-container-open\" \n\t\t\t\tdata-wp-on--click=\"actions.openMenuOnClick\"\n\t\t\t\tdata-wp-on--keydown=\"actions.handleMenuKeydown\"\n\t\t\t><svg width=\"24\" height=\"24\" xmlns=\"http:\/\/www.w3.org\/2000\/svg\" viewBox=\"0 0 24 24\" aria-hidden=\"true\" focusable=\"false\"><path d=\"M4 7.5h16v1.5H4z\"><\/path><path d=\"M4 15h16v1.5H4z\"><\/path><\/svg><\/button>\n\t\t\t\t<div class=\"wp-block-navigation__responsive-container\"  id=\"modal-1\" \n\t\t\t\tdata-wp-class--has-modal-open=\"state.isMenuOpen\"\n\t\t\t\tdata-wp-class--is-menu-open=\"state.isMenuOpen\"\n\t\t\t\tdata-wp-watch=\"callbacks.initMenu\"\n\t\t\t\tdata-wp-on--keydown=\"actions.handleMenuKeydown\"\n\t\t\t\tdata-wp-on--focusout=\"actions.handleMenuFocusout\"\n\t\t\t\ttabindex=\"-1\"\n\t\t\t>\n\t\t\t\t\t<div class=\"wp-block-navigation__responsive-close\" tabindex=\"-1\">\n\t\t\t\t\t\t<div class=\"wp-block-navigation__responsive-dialog\" \n\t\t\t\tdata-wp-bind--aria-modal=\"state.ariaModal\"\n\t\t\t\tdata-wp-bind--aria-label=\"state.ariaLabel\"\n\t\t\t\tdata-wp-bind--role=\"state.roleAttribute\"\n\t\t\t>\n\t\t\t\t\t\t\t<button aria-label=\"Fermer le menu\" class=\"wp-block-navigation__responsive-container-close\" \n\t\t\t\tdata-wp-on--click=\"actions.closeMenuOnClick\"\n\t\t\t><svg xmlns=\"http:\/\/www.w3.org\/2000\/svg\" viewBox=\"0 0 24 24\" width=\"24\" height=\"24\" aria-hidden=\"true\" focusable=\"false\"><path d=\"m13.06 12 6.47-6.47-1.06-1.06L12 10.94 5.53 4.47 4.47 5.53 10.94 12l-6.47 6.47 1.06 1.06L12 13.06l6.47 6.47 1.06-1.06L13.06 12Z\"><\/path><\/svg><\/button>\n\t\t\t\t\t\t\t<div class=\"wp-block-navigation__responsive-container-content\" \n\t\t\t\tdata-wp-watch=\"callbacks.focusFirstElement\"\n\t\t\t id=\"modal-1-content\">\n\t\t\t\t\t\t\t\t<ul class=\"wp-block-navigation__container is-responsive items-justified-right wp-block-navigation\"><li data-wp-context=\"{ &quot;submenuOpenedBy&quot;: { &quot;click&quot;: false, &quot;hover&quot;: false, &quot;focus&quot;: false }, &quot;type&quot;: &quot;submenu&quot;, &quot;modal&quot;: null, &quot;previousFocus&quot;: null }\" data-wp-interactive=\"core\/navigation\" data-wp-on--focusout=\"actions.handleMenuFocusout\" data-wp-on--keydown=\"actions.handleMenuKeydown\" data-wp-on--mouseenter=\"actions.openMenuOnHover\" data-wp-on--mouseleave=\"actions.closeMenuOnHover\" data-wp-watch=\"callbacks.initMenu\" tabindex=\"-1\" class=\"wp-block-navigation-item has-child open-on-hover-click wp-block-navigation-submenu\"><a class=\"wp-block-navigation-item__content\"><span class=\"wp-block-navigation-item__label\">Rubriques<\/span><\/a><button data-wp-bind--aria-expanded=\"state.isMenuOpen\" data-wp-on--click=\"actions.toggleMenuOnClick\" aria-label=\"Sous-menu Rubriques\" class=\"wp-block-navigation__submenu-icon wp-block-navigation-submenu__toggle\" ><svg xmlns=\"http:\/\/www.w3.org\/2000\/svg\" width=\"12\" height=\"12\" viewBox=\"0 0 12 12\" fill=\"none\" aria-hidden=\"true\" focusable=\"false\"><path d=\"M1.50002 4L6.00002 8L10.5 4\" stroke-width=\"1.5\"><\/path><\/svg><\/button><ul data-wp-on--focus=\"actions.openMenuOnFocus\" class=\"wp-block-navigation__submenu-container wp-block-navigation-submenu\"><li class=\" wp-block-navigation-item wp-block-navigation-link\"><a class=\"wp-block-navigation-item__content\"  href=\"https:\/\/un-pied-dedans-un-pied-dehors.esj-lille.net\/?page_id=65\"><span class=\"wp-block-navigation-item__label\">\u00c0 l&rsquo;international<\/span><\/a><\/li><li class=\" wp-block-navigation-item wp-block-navigation-link\"><a class=\"wp-block-navigation-item__content\"  href=\"https:\/\/un-pied-dedans-un-pied-dehors.esj-lille.net\/?page_id=63\"><span class=\"wp-block-navigation-item__label\">Faire tomber les murs<\/span><\/a><\/li><li class=\" wp-block-navigation-item wp-block-navigation-link\"><a class=\"wp-block-navigation-item__content\"  href=\"https:\/\/un-pied-dedans-un-pied-dehors.esj-lille.net\/?page_id=68\"><span class=\"wp-block-navigation-item__label\">Juger sans incarc\u00e9rer<\/span><\/a><\/li><li class=\" wp-block-navigation-item wp-block-navigation-link\"><a class=\"wp-block-navigation-item__content\"  href=\"https:\/\/un-pied-dedans-un-pied-dehors.esj-lille.net\/?page_id=70\"><span class=\"wp-block-navigation-item__label\">Parier sur l&rsquo;insertion<\/span><\/a><\/li><li class=\" wp-block-navigation-item wp-block-navigation-link\"><a class=\"wp-block-navigation-item__content\"  href=\"https:\/\/un-pied-dedans-un-pied-dehors.esj-lille.net\/?page_id=61\"><span class=\"wp-block-navigation-item__label\">Vivre avec sa peine<\/span><\/a><\/li><\/ul><\/li><\/ul>\n\t\t\t\t\t\t\t<\/div>\n\t\t\t\t\t\t<\/div>\n\t\t\t\t\t<\/div>\n\t\t\t\t<\/div><\/nav><\/div>\n<\/div><\/div>\n\n\n\n<figure class=\"wp-block-image size-large\"><img loading=\"lazy\" decoding=\"async\" width=\"1024\" height=\"576\" src=\"https:\/\/un-pied-dedans-un-pied-dehors.esj-lille.net\/wp-content\/uploads\/2024\/03\/Echelle-des-peines-judiciaires--1024x576.png\" alt=\"\" class=\"wp-image-36\" srcset=\"https:\/\/un-pied-dedans-un-pied-dehors.esj-lille.net\/wp-content\/uploads\/2024\/03\/Echelle-des-peines-judiciaires--1024x576.png 1024w, https:\/\/un-pied-dedans-un-pied-dehors.esj-lille.net\/wp-content\/uploads\/2024\/03\/Echelle-des-peines-judiciaires--300x169.png 300w, https:\/\/un-pied-dedans-un-pied-dehors.esj-lille.net\/wp-content\/uploads\/2024\/03\/Echelle-des-peines-judiciaires--768x432.png 768w, https:\/\/un-pied-dedans-un-pied-dehors.esj-lille.net\/wp-content\/uploads\/2024\/03\/Echelle-des-peines-judiciaires--1536x864.png 1536w, https:\/\/un-pied-dedans-un-pied-dehors.esj-lille.net\/wp-content\/uploads\/2024\/03\/Echelle-des-peines-judiciaires-.png 1920w\" sizes=\"auto, (max-width: 1024px) 100vw, 1024px\" \/><figcaption class=\"wp-element-caption\">Infographie des peines alternatives en France \u00a9Julie Subitte <\/figcaption><\/figure>\n\n\n\n<p>Bracelet \u00e9lectronique, travail d\u2019int\u00e9r\u00eat g\u00e9n\u00e9ral et stages sont des peines alternatives \u00e0 la prison. Un <em>Surveiller et Punir <\/em>en apparence \u00e9loign\u00e9 de Foucault, penseur des relations de pouvoir et de la naissance de la prison et de la notion d\u2019\u00ab enfermer pour redresser \u00bb.<\/p>\n\n\n\n<p>Confin\u00e9s dans leurs appartements, appel\u00e9s \u00e0 pointer \u00e0 heures r\u00e9guli\u00e8res, contraints d\u2019effectuer des t\u00e2ches civiques ou d\u2019assister \u00e0 des stages de sensibilisation, les personnes vis\u00e9es par ces condamnations ne mettent pas les deux pieds en prison. Elles ont un pied dedans, un pied dehors, et une \u00e9p\u00e9e de Damocl\u00e8s au-dessus de la t\u00eate. Car en cas de manquement aux r\u00e8gles, l\u2019am\u00e9nagement saute et c\u2019est la cellule.&nbsp;<\/p>\n\n\n\n<p>La peine alternative trouve sa place entre le sursis et la prison ferme : Pas tout \u00e0 fait emprisonn\u00e9, mais loin d\u2019\u00eatre libre.&nbsp;<\/p>\n\n\n\n<p>Pour ses partisans, elle permettrait de r\u00e9duire la surpopulation carc\u00e9rale estim\u00e9e \u00e0 148.5% en 2023. L\u2019<a href=\"https:\/\/oip.org\/\">Observatoire International des Prisons<\/a> (OIP) a d\u00e9nombr\u00e9 75 677 personnes \u00e9crou\u00e9es pour 60 000 places. Au premier f\u00e9vrier 2024, le minist\u00e8re de la Justice annonce 76 258 d\u00e9tenus.<\/p>\n\n\n\n<p>Les peines alternatives ont leurs d\u00e9tracteurs. Certains accusent un manque de s\u00e9v\u00e9rit\u00e9, d\u2019autres, \u00e0 l\u2019inverse, <a href=\"https:\/\/www.monde-diplomatique.fr\/2023\/03\/RAZAC\/65557\">d\u00e9plorent<\/a> que le bracelet \u00e9lectronique permette au juge de prononcer une peine d\u2019incarc\u00e9ration \u00e0 domicile plut\u00f4t qu\u2019un sursis sous conditions.&nbsp;<\/p>\n\n\n\n<p>Au 1er mars 2023, les chiffres officiels donnaient 15 832 personnes sous surveillance \u00e9lectronique en France. Un chiffre en augmentation de 47% depuis 2013, selon l&rsquo;OIP. En tout, avec plus de 100 000 condamnations concern\u00e9es en 2023, pr\u00e8s de 20% des peines prononc\u00e9es en France ont \u00e9t\u00e9 des peines cat\u00e9goris\u00e9es comme alternatives selon le <a href=\"https:\/\/www.monde-diplomatique.fr\/2023\/03\/RAZAC\/65557\">minist\u00e8re de la Justice<\/a>.&nbsp;<\/p>\n\n\n\n<p>Ces nouvelles formes de condamnation font leur bout de chemin dans notre pays. Nous proposons de nous pencher sur les rouages des peines alternatives. Qui sont les gens qui prononcent les peines alternatives ? Pour quels d\u00e9lits ? Se substituent-elles vraiment \u00e0 l\u2019emprisonnement ? Qui se charge de les appliquer ? Quelles incidences ont-elles sur le quotidien des personnes condamn\u00e9es ? Permettent-elles une meilleure r\u00e9insertion ?<\/p>\n\n\n\n<p class=\"has-text-align-right\">Ana\u00eblle Charlier <\/p>\n\n\n\n<figure class=\"wp-block-video\"><video height=\"1080\" style=\"aspect-ratio: 1920 \/ 1080;\" width=\"1920\" controls src=\"https:\/\/un-pied-dedans-un-pied-dehors.esj-lille.net\/wp-content\/uploads\/2024\/05\/mt-fini_Jb9CBIR7.mp4\"><\/video><\/figure>\n\n\n\n<p>Micro-trottoir dans les rues de Lille sur les peines alternatives &#8211; Julie Subitte (R\u00e9daction et montage), Seydou Nomoko (Illustration)<\/p>\n","protected":false},"excerpt":{"rendered":"<p>Bracelet \u00e9lectronique, travail d\u2019int\u00e9r\u00eat g\u00e9n\u00e9ral et stages sont des peines alternatives \u00e0 la prison. Un Surveiller et Punir en apparence \u00e9loign\u00e9 de Foucault, penseur des [&#8230;]<\/p>\n","protected":false},"author":2,"featured_media":0,"parent":0,"menu_order":0,"comment_status":"closed","ping_status":"closed","template":"","meta":{"footnotes":""},"class_list":["post-95","page","type-page","status-publish","hentry"],"_links":{"self":[{"href":"https:\/\/un-pied-dedans-un-pied-dehors.esj-lille.net\/index.php?rest_route=\/wp\/v2\/pages\/95","targetHints":{"allow":["GET"]}}],"collection":[{"href":"https:\/\/un-pied-dedans-un-pied-dehors.esj-lille.net\/index.php?rest_route=\/wp\/v2\/pages"}],"about":[{"href":"https:\/\/un-pied-dedans-un-pied-dehors.esj-lille.net\/index.php?rest_route=\/wp\/v2\/types\/page"}],"author":[{"embeddable":true,"href":"https:\/\/un-pied-dedans-un-pied-dehors.esj-lille.net\/index.php?rest_route=\/wp\/v2\/users\/2"}],"replies":[{"embeddable":true,"href":"https:\/\/un-pied-dedans-un-pied-dehors.esj-lille.net\/index.php?rest_route=%2Fwp%2Fv2%2Fcomments&post=95"}],"version-history":[{"count":10,"href":"https:\/\/un-pied-dedans-un-pied-dehors.esj-lille.net\/index.php?rest_route=\/wp\/v2\/pages\/95\/revisions"}],"predecessor-version":[{"id":283,"href":"https:\/\/un-pied-dedans-un-pied-dehors.esj-lille.net\/index.php?rest_route=\/wp\/v2\/pages\/95\/revisions\/283"}],"wp:attachment":[{"href":"https:\/\/un-pied-dedans-un-pied-dehors.esj-lille.net\/index.php?rest_route=%2Fwp%2Fv2%2Fmedia&parent=95"}],"curies":[{"name":"wp","href":"https:\/\/api.w.org\/{rel}","templated":true}]}}