{"id":183,"date":"2024-05-07T14:50:14","date_gmt":"2024-05-07T12:50:14","guid":{"rendered":"https:\/\/un-pied-dedans-un-pied-dehors.blogs.esj-lille.fr\/?page_id=183"},"modified":"2024-05-24T10:26:44","modified_gmt":"2024-05-24T08:26:44","slug":"qui-sommes-nous","status":"publish","type":"page","link":"https:\/\/un-pied-dedans-un-pied-dehors.esj-lille.net\/?page_id=183","title":{"rendered":"Qui sommes-nous ?"},"content":{"rendered":"\n<p>Nous sommes sept \u00e9tudiantes et \u00e9tudiants en premi\u00e8re ann\u00e9e de master \u00e0 l&rsquo;\u00c9cole Sup\u00e9rieure de Journalisme de Lille. Dans le cadre d&rsquo;un travail sur le long cours, nous avons travaill\u00e9 sur les peines alternatives en France. Nous avons choisi de r\u00e9partir notre travail en quatre rubriques. Nos interlocuteurs sont des personnes condamn\u00e9es, des juges, des \u00e9ducateurs, des avocats et des politiques afin de travailler la th\u00e9matique dans sa globalit\u00e9.<\/p>\n\n\n\n<p>Nous avons r\u00e9alis\u00e9 les articles, les interviews, les vid\u00e9os et le blog de A \u00e0 Z. <\/p>\n\n\n\n<p>Pour la r\u00e9alisation de ce travail, nous avons \u00e9t\u00e9 \u00e9paul\u00e9s par Chantal David, chroniqueuse judiciaire.<\/p>\n","protected":false},"excerpt":{"rendered":"<p>Nous sommes sept \u00e9tudiantes et \u00e9tudiants en premi\u00e8re ann\u00e9e de master \u00e0 l&rsquo;\u00c9cole Sup\u00e9rieure de Journalisme de Lille. Dans le cadre d&rsquo;un travail sur le [&#8230;]<\/p>\n","protected":false},"author":5,"featured_media":0,"parent":0,"menu_order":0,"comment_status":"closed","ping_status":"closed","template":"","meta":{"footnotes":""},"class_list":["post-183","page","type-page","status-publish","hentry"],"_links":{"self":[{"href":"https:\/\/un-pied-dedans-un-pied-dehors.esj-lille.net\/index.php?rest_route=\/wp\/v2\/pages\/183","targetHints":{"allow":["GET"]}}],"collection":[{"href":"https:\/\/un-pied-dedans-un-pied-dehors.esj-lille.net\/index.php?rest_route=\/wp\/v2\/pages"}],"about":[{"href":"https:\/\/un-pied-dedans-un-pied-dehors.esj-lille.net\/index.php?rest_route=\/wp\/v2\/types\/page"}],"author":[{"embeddable":true,"href":"https:\/\/un-pied-dedans-un-pied-dehors.esj-lille.net\/index.php?rest_route=\/wp\/v2\/users\/5"}],"replies":[{"embeddable":true,"href":"https:\/\/un-pied-dedans-un-pied-dehors.esj-lille.net\/index.php?rest_route=%2Fwp%2Fv2%2Fcomments&post=183"}],"version-history":[{"count":4,"href":"https:\/\/un-pied-dedans-un-pied-dehors.esj-lille.net\/index.php?rest_route=\/wp\/v2\/pages\/183\/revisions"}],"predecessor-version":[{"id":216,"href":"https:\/\/un-pied-dedans-un-pied-dehors.esj-lille.net\/index.php?rest_route=\/wp\/v2\/pages\/183\/revisions\/216"}],"wp:attachment":[{"href":"https:\/\/un-pied-dedans-un-pied-dehors.esj-lille.net\/index.php?rest_route=%2Fwp%2Fv2%2Fmedia&parent=183"}],"curies":[{"name":"wp","href":"https:\/\/api.w.org\/{rel}","templated":true}]}}